{"id":100672,"date":"2024-08-28T19:29:01","date_gmt":"2024-08-28T19:29:01","guid":{"rendered":"https:\/\/miconfesion.es\/?post_type=product&#038;p=100672"},"modified":"2026-04-05T22:27:49","modified_gmt":"2026-04-05T22:27:49","slug":"chorizo-vacuno-turco-egeturk-1000gr","status":"publish","type":"product","link":"https:\/\/elturco.es\/tr\/product\/chorizo-vacuno-turco-egeturk-1000gr\/","title":{"rendered":"Chorizo Vacuno Turco (Egeturk)- 1000gr."},"content":{"rendered":"<p><strong><span style=\"color: #ff0000;\">Chorizo Vacuno Turco (Egeturk)<\/span><br \/>\n<\/strong><\/p>\n<p><strong>Peso Neto: <\/strong>1000gr.<\/p>\n<p><strong>Ingredientes:<\/strong><\/p>\n<p>Para 100gr. producto final; 110gr. carne (vacuna, carne de cordero 8gr.), grasa vacuna, sal, especias, mejora sabor E261, antioxidante E301, materia antimicrobia E250, colorante E162, materia ac\u00eddica (\u00e1cido de lim\u00f3n).<\/p>\n<p>Empaquetado en una atm\u00f3sfera protectora.<\/p>\n<p>Conservese entre +2\u00baC y +7\u00baC.<\/p>\n<p>Producto halal, producido seg\u00fan los rituales isl\u00e1micos.<\/p>\n<p style=\"margin: 0pt;\"><span style=\"color: #ff0000;\"><strong>AVISO IMPORTANTE: <\/strong>Por razones log\u00edsticas, no se puede realizar env\u00edos a las Islas Canarias, ni a Ceuta y ni a Melilla.<\/span><\/p>","protected":false},"excerpt":{"rendered":"<p><strong><span style=\"color: #ff0000;\">Chorizo Vacuno Turco (Egeturk)<\/span><br \/>\n<\/strong><\/p>\n<p><strong>Peso Neto: <\/strong>1000gr.<\/p>","protected":false},"featured_media":100673,"comment_status":"open","ping_status":"closed","template":"","meta":{"_et_pb_use_builder":"","_et_pb_old_content":"","_et_gb_content_width":""},"product_brand":[],"product_cat":[25,51],"product_tag":[218,354,355],"class_list":{"0":"post-100672","1":"product","2":"type-product","3":"status-publish","4":"has-post-thumbnail","6":"product_cat-alimentacion","7":"product_cat-carnes","8":"product_tag-1000gr","9":"product_tag-chorizo","10":"product_tag-vacuno","12":"first","13":"instock","14":"featured","15":"taxable","16":"shipping-taxable","17":"purchasable","18":"product-type-simple"},"_links":{"self":[{"href":"https:\/\/elturco.es\/tr\/wp-json\/wp\/v2\/product\/100672","targetHints":{"allow":["GET"]}}],"collection":[{"href":"https:\/\/elturco.es\/tr\/wp-json\/wp\/v2\/product"}],"about":[{"href":"https:\/\/elturco.es\/tr\/wp-json\/wp\/v2\/types\/product"}],"replies":[{"embeddable":true,"href":"https:\/\/elturco.es\/tr\/wp-json\/wp\/v2\/comments?post=100672"}],"wp:featuredmedia":[{"embeddable":true,"href":"https:\/\/elturco.es\/tr\/wp-json\/wp\/v2\/media\/100673"}],"wp:attachment":[{"href":"https:\/\/elturco.es\/tr\/wp-json\/wp\/v2\/media?parent=100672"}],"wp:term":[{"taxonomy":"product_brand","embeddable":true,"href":"https:\/\/elturco.es\/tr\/wp-json\/wp\/v2\/product_brand?post=100672"},{"taxonomy":"product_cat","embeddable":true,"href":"https:\/\/elturco.es\/tr\/wp-json\/wp\/v2\/product_cat?post=100672"},{"taxonomy":"product_tag","embeddable":true,"href":"https:\/\/elturco.es\/tr\/wp-json\/wp\/v2\/product_tag?post=100672"}],"curies":[{"name":"wp","href":"https:\/\/api.w.org\/{rel}","templated":true}]}}