{"id":100641,"date":"2024-08-28T18:59:40","date_gmt":"2024-08-28T18:59:40","guid":{"rendered":"https:\/\/miconfesion.es\/?post_type=product&#038;p=100641"},"modified":"2024-08-28T19:04:38","modified_gmt":"2024-08-28T19:04:38","slug":"queso-tulum-oveja-400gr","status":"publish","type":"product","link":"https:\/\/elturco.es\/tr\/product\/queso-tulum-oveja-400gr\/","title":{"rendered":"Queso Tulum (Oveja) &#8211; 400gr."},"content":{"rendered":"<p><span style=\"color: #ff0000;\"><strong>Queso Tulum &#8211; Oveja<br \/>\n<\/strong><\/span><\/p>\n<p><strong>Peso Neto: <\/strong>400gr.<\/p>\n<p><strong>Ingredientes:<\/strong><\/p>\n<p>45% de materia grasa.<\/p>\n<p>Leche de oveja,\u00a0sal, \u00e1cido l\u00e1ctico, cloruro de c\u00e1lcio, levadura vegetal de queso.<\/p>\n<p>Conserve a +6C.<\/p>\n<p style=\"margin: 0pt;\"><span style=\"color: #ff0000;\"><strong>AVISO IMPORTANTE: <\/strong>Por razones log\u00edsticas, no se puede realizar env\u00edos a las Islas Canarias, ni a Ceuta y ni a Melilla.<\/span><\/p>\n<p style=\"margin: 0pt;\">","protected":false},"excerpt":{"rendered":"<p><span style=\"color: #ff0000;\"><strong>Queso Tulum &#8211; Oveja<br \/>\n<\/strong><\/span><\/p>\n<p><strong>Peso Neto: <\/strong>400gr.<\/p>","protected":false},"featured_media":100642,"comment_status":"open","ping_status":"closed","template":"","meta":{"_et_pb_use_builder":"","_et_pb_old_content":"","_et_gb_content_width":""},"product_brand":[],"product_cat":[25,30],"product_tag":[139,342,333,335],"class_list":{"0":"post-100641","1":"product","2":"type-product","3":"status-publish","4":"has-post-thumbnail","6":"product_cat-alimentacion","7":"product_cat-lacteos","8":"product_tag-400gr","9":"product_tag-oveja","10":"product_tag-queso","11":"product_tag-tulum","13":"first","14":"outofstock","15":"taxable","16":"shipping-taxable","17":"purchasable","18":"product-type-simple"},"_links":{"self":[{"href":"https:\/\/elturco.es\/tr\/wp-json\/wp\/v2\/product\/100641","targetHints":{"allow":["GET"]}}],"collection":[{"href":"https:\/\/elturco.es\/tr\/wp-json\/wp\/v2\/product"}],"about":[{"href":"https:\/\/elturco.es\/tr\/wp-json\/wp\/v2\/types\/product"}],"replies":[{"embeddable":true,"href":"https:\/\/elturco.es\/tr\/wp-json\/wp\/v2\/comments?post=100641"}],"wp:featuredmedia":[{"embeddable":true,"href":"https:\/\/elturco.es\/tr\/wp-json\/wp\/v2\/media\/100642"}],"wp:attachment":[{"href":"https:\/\/elturco.es\/tr\/wp-json\/wp\/v2\/media?parent=100641"}],"wp:term":[{"taxonomy":"product_brand","embeddable":true,"href":"https:\/\/elturco.es\/tr\/wp-json\/wp\/v2\/product_brand?post=100641"},{"taxonomy":"product_cat","embeddable":true,"href":"https:\/\/elturco.es\/tr\/wp-json\/wp\/v2\/product_cat?post=100641"},{"taxonomy":"product_tag","embeddable":true,"href":"https:\/\/elturco.es\/tr\/wp-json\/wp\/v2\/product_tag?post=100641"}],"curies":[{"name":"wp","href":"https:\/\/api.w.org\/{rel}","templated":true}]}}