{"id":100582,"date":"2024-08-28T17:07:15","date_gmt":"2024-08-28T17:07:15","guid":{"rendered":"https:\/\/miconfesion.es\/?post_type=product&#038;p=100582"},"modified":"2026-03-14T14:59:54","modified_gmt":"2026-03-14T14:59:54","slug":"baklava-con-pistacho-1300gr","status":"publish","type":"product","link":"https:\/\/elturco.es\/tr\/product\/baklava-con-pistacho-1300gr\/","title":{"rendered":"Baklava con pistacho -1300gr"},"content":{"rendered":"<p><span style=\"color: #ff0000;\"><strong>Delicia turca con hojaldres y aguadulce<\/strong><\/span><\/p>\n<p><strong>Peso Neto: <\/strong>1300gr.<\/p>\n<p><strong>Ingredientes:<\/strong><\/p>\n<p>Az\u00facar, harina de trigo, agua, mantequilla, pistacho, jarabes de glucosa, margarina vegetal, huevo, almidon de ma\u00edz, almidon de trigo, sal, \u00e1cido c\u00edtrico (estabilizante)<\/p>\n<p><span style=\"color: #ff0000;\"><strong>AVISO IMPORTANTE: <\/strong>Por razones log\u00edsticas, no se puede realizar env\u00edos a las Islas Canarias, ni a Ceuta y ni a Melilla.<\/span><\/p>","protected":false},"excerpt":{"rendered":"<p><span style=\"color: #ff0000;\"><strong>Delicia turca con hojaldres y aguadulce<\/strong><\/span><\/p>\n<p><strong>Peso Neto: <\/strong>1300gr.<\/p>","protected":false},"featured_media":100583,"comment_status":"open","ping_status":"closed","template":"","meta":{"_et_pb_use_builder":"","_et_pb_old_content":"","_et_gb_content_width":""},"product_brand":[],"product_cat":[25,26],"product_tag":[312,257,244],"class_list":{"0":"post-100582","1":"product","2":"type-product","3":"status-publish","4":"has-post-thumbnail","6":"product_cat-alimentacion","7":"product_cat-mermeladas_y_dulces","8":"product_tag-1300gr","9":"product_tag-baklava","10":"product_tag-pistacho","12":"first","13":"instock","14":"featured","15":"taxable","16":"shipping-taxable","17":"purchasable","18":"product-type-simple"},"_links":{"self":[{"href":"https:\/\/elturco.es\/tr\/wp-json\/wp\/v2\/product\/100582","targetHints":{"allow":["GET"]}}],"collection":[{"href":"https:\/\/elturco.es\/tr\/wp-json\/wp\/v2\/product"}],"about":[{"href":"https:\/\/elturco.es\/tr\/wp-json\/wp\/v2\/types\/product"}],"replies":[{"embeddable":true,"href":"https:\/\/elturco.es\/tr\/wp-json\/wp\/v2\/comments?post=100582"}],"wp:featuredmedia":[{"embeddable":true,"href":"https:\/\/elturco.es\/tr\/wp-json\/wp\/v2\/media\/100583"}],"wp:attachment":[{"href":"https:\/\/elturco.es\/tr\/wp-json\/wp\/v2\/media?parent=100582"}],"wp:term":[{"taxonomy":"product_brand","embeddable":true,"href":"https:\/\/elturco.es\/tr\/wp-json\/wp\/v2\/product_brand?post=100582"},{"taxonomy":"product_cat","embeddable":true,"href":"https:\/\/elturco.es\/tr\/wp-json\/wp\/v2\/product_cat?post=100582"},{"taxonomy":"product_tag","embeddable":true,"href":"https:\/\/elturco.es\/tr\/wp-json\/wp\/v2\/product_tag?post=100582"}],"curies":[{"name":"wp","href":"https:\/\/api.w.org\/{rel}","templated":true}]}}