{"id":100552,"date":"2024-08-28T16:42:03","date_gmt":"2024-08-28T16:42:03","guid":{"rendered":"https:\/\/miconfesion.es\/?post_type=product&#038;p=100552"},"modified":"2026-01-18T09:56:53","modified_gmt":"2026-01-18T09:56:53","slug":"cicibebe-galletas-para-bebes-eti-1000gr","status":"publish","type":"product","link":"https:\/\/elturco.es\/tr\/product\/cicibebe-galletas-para-bebes-eti-1000gr\/","title":{"rendered":"Cicibebe (Galletas para beb\u00e9s) Eti &#8211; 1000gr."},"content":{"rendered":"<p><span style=\"color: #ff0000;\"><strong>Cicibebe (Galletas para beb\u00e9s<\/strong><\/span><span style=\"color: #ff0000;\"><strong>) &#8211; Marca Eti &#8211; 1000gr.<\/strong><\/span><\/p>\n<p><strong>Peso Neto: <\/strong>1000gr.<\/p>\n<p><strong>Ingredientes: <\/strong>Harina de trigo (Contiene gluten), az\u00facar, \u00a0aceite vegetal (de palma, de girasol, de algod\u00f3n, de canola), almid\u00f3n, leche desnatada y pasterizada, huevo, levadura, sal, minerales (calcio, magnesio, hierro, zinc, cobre, manganeso), vitaminas mixtas (A, E, C, D3, B1, B2, B6, B12, Niacina, \u00e1cido pantot\u00e9nico, \u00e1cido f\u00f3lico, biotina), aromas, puede contener s\u00e9samo.<\/p>\n<p><span style=\"color: #ff0000;\"><strong>AVISO IMPORTANTE: <\/strong>Por razones log\u00edsticas, no se puede realizar env\u00edos a las Islas Canarias, ni a Ceuta y ni a Melilla.<\/span><\/p>","protected":false},"excerpt":{"rendered":"<p><span style=\"color: #ff0000;\"><strong>Cicibebe (Galletas para beb\u00e9s<\/strong><\/span><span style=\"color: #ff0000;\"><strong>) &#8211; Marca Eti &#8211; 1000gr.<\/strong><\/span><\/p>\n<p><strong>Peso Neto: <\/strong>1000gr.<\/p>","protected":false},"featured_media":100553,"comment_status":"open","ping_status":"closed","template":"","meta":{"_et_pb_use_builder":"","_et_pb_old_content":"","_et_gb_content_width":""},"product_brand":[],"product_cat":[25,26],"product_tag":[218,293,292,263],"class_list":{"0":"post-100552","1":"product","2":"type-product","3":"status-publish","4":"has-post-thumbnail","6":"product_cat-alimentacion","7":"product_cat-mermeladas_y_dulces","8":"product_tag-1000gr","9":"product_tag-bebe","10":"product_tag-cicibebe","11":"product_tag-galleta","13":"first","14":"instock","15":"featured","16":"taxable","17":"shipping-taxable","18":"purchasable","19":"product-type-simple"},"_links":{"self":[{"href":"https:\/\/elturco.es\/tr\/wp-json\/wp\/v2\/product\/100552","targetHints":{"allow":["GET"]}}],"collection":[{"href":"https:\/\/elturco.es\/tr\/wp-json\/wp\/v2\/product"}],"about":[{"href":"https:\/\/elturco.es\/tr\/wp-json\/wp\/v2\/types\/product"}],"replies":[{"embeddable":true,"href":"https:\/\/elturco.es\/tr\/wp-json\/wp\/v2\/comments?post=100552"}],"wp:featuredmedia":[{"embeddable":true,"href":"https:\/\/elturco.es\/tr\/wp-json\/wp\/v2\/media\/100553"}],"wp:attachment":[{"href":"https:\/\/elturco.es\/tr\/wp-json\/wp\/v2\/media?parent=100552"}],"wp:term":[{"taxonomy":"product_brand","embeddable":true,"href":"https:\/\/elturco.es\/tr\/wp-json\/wp\/v2\/product_brand?post=100552"},{"taxonomy":"product_cat","embeddable":true,"href":"https:\/\/elturco.es\/tr\/wp-json\/wp\/v2\/product_cat?post=100552"},{"taxonomy":"product_tag","embeddable":true,"href":"https:\/\/elturco.es\/tr\/wp-json\/wp\/v2\/product_tag?post=100552"}],"curies":[{"name":"wp","href":"https:\/\/api.w.org\/{rel}","templated":true}]}}