{"id":100499,"date":"2024-08-28T13:50:22","date_gmt":"2024-08-28T13:50:22","guid":{"rendered":"https:\/\/miconfesion.es\/?post_type=product&#038;p=100499"},"modified":"2024-12-18T17:36:47","modified_gmt":"2024-12-18T17:36:47","slug":"delicias-turcas-con-nueces-550gr-caja-transparente","status":"publish","type":"product","link":"https:\/\/elturco.es\/tr\/product\/delicias-turcas-con-nueces-550gr-caja-transparente\/","title":{"rendered":"Delicias Turcas con nueces 550gr. (Caja transparente)"},"content":{"rendered":"<p><span style=\"color: #ff0000;\"><strong>Delicias Turcas con nueces 550gr. (Caja transparente)<\/strong><\/span><\/p>\n<p><strong>Peso Neto: <\/strong>550gr.<\/p>\n<p><strong>Ingredientes:<\/strong><\/p>\n<p>Azucar, almid\u00f3n de ma\u00edz, nueces (4%), coco (1%), regulador de acid\u00e9z (\u00e1cido c\u00edtrico E330)<\/p>\n<p>Conserve en un lugar seco y fresco.<\/p>\n<p style=\"margin: 0pt;\"><span style=\"color: #ff0000;\"><strong>AVISO IMPORTANTE: <\/strong>Por razones log\u00edsticas, no se puede realizar env\u00edos a las Islas Canarias, ni a Ceuta y ni a Melilla.<\/span><\/p>\n<p style=\"margin: 0pt;\">","protected":false},"excerpt":{"rendered":"<p><span style=\"color: #ff0000;\"><strong>Delicias Turcas con nueces 550gr. (Caja transparente)<\/strong><\/span><\/p>\n<p><strong>Peso Neto: <\/strong>550gr.<\/p>","protected":false},"featured_media":100500,"comment_status":"open","ping_status":"closed","template":"","meta":{"_et_pb_use_builder":"","_et_pb_old_content":"","_et_gb_content_width":""},"product_brand":[],"product_cat":[25,26],"product_tag":[166,252,258],"class_list":{"0":"post-100499","1":"product","2":"type-product","3":"status-publish","4":"has-post-thumbnail","6":"product_cat-alimentacion","7":"product_cat-mermeladas_y_dulces","8":"product_tag-550gr","9":"product_tag-delicias-turcas","10":"product_tag-nueces","12":"first","13":"instock","14":"featured","15":"taxable","16":"shipping-taxable","17":"purchasable","18":"product-type-simple"},"_links":{"self":[{"href":"https:\/\/elturco.es\/tr\/wp-json\/wp\/v2\/product\/100499","targetHints":{"allow":["GET"]}}],"collection":[{"href":"https:\/\/elturco.es\/tr\/wp-json\/wp\/v2\/product"}],"about":[{"href":"https:\/\/elturco.es\/tr\/wp-json\/wp\/v2\/types\/product"}],"replies":[{"embeddable":true,"href":"https:\/\/elturco.es\/tr\/wp-json\/wp\/v2\/comments?post=100499"}],"wp:featuredmedia":[{"embeddable":true,"href":"https:\/\/elturco.es\/tr\/wp-json\/wp\/v2\/media\/100500"}],"wp:attachment":[{"href":"https:\/\/elturco.es\/tr\/wp-json\/wp\/v2\/media?parent=100499"}],"wp:term":[{"taxonomy":"product_brand","embeddable":true,"href":"https:\/\/elturco.es\/tr\/wp-json\/wp\/v2\/product_brand?post=100499"},{"taxonomy":"product_cat","embeddable":true,"href":"https:\/\/elturco.es\/tr\/wp-json\/wp\/v2\/product_cat?post=100499"},{"taxonomy":"product_tag","embeddable":true,"href":"https:\/\/elturco.es\/tr\/wp-json\/wp\/v2\/product_tag?post=100499"}],"curies":[{"name":"wp","href":"https:\/\/api.w.org\/{rel}","templated":true}]}}