{"id":100487,"date":"2024-08-28T11:33:31","date_gmt":"2024-08-28T11:33:31","guid":{"rendered":"https:\/\/miconfesion.es\/?post_type=product&#038;p=100487"},"modified":"2026-04-06T20:37:10","modified_gmt":"2026-04-06T20:37:10","slug":"delicias-turcas-mixtas-coco-pistacho-y-avellana-500gr","status":"publish","type":"product","link":"https:\/\/elturco.es\/tr\/product\/delicias-turcas-mixtas-coco-pistacho-y-avellana-500gr\/","title":{"rendered":"Delicias Turcas Mixtas (Coco, pistacho y avellana) &#8211; 500gr."},"content":{"rendered":"<p><strong><span style=\"color: #ff0000;\">Delicias Turcas Mixtas (Coco, pistacho y avellana)<\/span><\/strong><\/p>\n<p><strong>Peso Neto: <\/strong>500gr.<\/p>\n<p><strong>Ingredientes:<\/strong><\/p>\n<p style=\"margin: 0pt;\">Az\u00facar, avellana (8%), pistacho (8%), almid\u00f3n de ma\u00edz, coco, regulador de acidez (lim\u00f3n concentrado)<\/p>\n<p>Despu\u00e9s de abrir la caja por favor consume en 30 d\u00edas.<\/p>\n<p>Conserve en un lugar seco y fresco.<\/p>\n<p><span style=\"color: #ff0000;\"><strong>AVISO:<\/strong> Contiene avellana y pistacho. No contiene gluten.<\/span><\/p>\n<p style=\"margin: 0pt;\"><span style=\"color: #ff0000;\"><strong>AVISO IMPORTANTE: <\/strong>Por razones log\u00edsticas, no se puede realizar env\u00edos a las Islas Canarias, ni a Ceuta y ni a Melilla.<\/span><\/p>","protected":false},"excerpt":{"rendered":"<p><strong><span style=\"color: #ff0000;\">Delicias Turcas Mixtas (Coco, pistacho y avellana)<\/span><\/strong><\/p>\n<p><strong>Peso Neto: <\/strong>500gr.<\/p>","protected":false},"featured_media":100488,"comment_status":"open","ping_status":"closed","template":"","meta":{"_et_pb_use_builder":"","_et_pb_old_content":"","_et_gb_content_width":""},"product_brand":[],"product_cat":[25,26],"product_tag":[136,255,254,252,244],"class_list":{"0":"post-100487","1":"product","2":"type-product","3":"status-publish","4":"has-post-thumbnail","6":"product_cat-alimentacion","7":"product_cat-mermeladas_y_dulces","8":"product_tag-500gr","9":"product_tag-avellana","10":"product_tag-coco","11":"product_tag-delicias-turcas","12":"product_tag-pistacho","14":"first","15":"instock","16":"taxable","17":"shipping-taxable","18":"purchasable","19":"product-type-simple"},"_links":{"self":[{"href":"https:\/\/elturco.es\/tr\/wp-json\/wp\/v2\/product\/100487","targetHints":{"allow":["GET"]}}],"collection":[{"href":"https:\/\/elturco.es\/tr\/wp-json\/wp\/v2\/product"}],"about":[{"href":"https:\/\/elturco.es\/tr\/wp-json\/wp\/v2\/types\/product"}],"replies":[{"embeddable":true,"href":"https:\/\/elturco.es\/tr\/wp-json\/wp\/v2\/comments?post=100487"}],"wp:featuredmedia":[{"embeddable":true,"href":"https:\/\/elturco.es\/tr\/wp-json\/wp\/v2\/media\/100488"}],"wp:attachment":[{"href":"https:\/\/elturco.es\/tr\/wp-json\/wp\/v2\/media?parent=100487"}],"wp:term":[{"taxonomy":"product_brand","embeddable":true,"href":"https:\/\/elturco.es\/tr\/wp-json\/wp\/v2\/product_brand?post=100487"},{"taxonomy":"product_cat","embeddable":true,"href":"https:\/\/elturco.es\/tr\/wp-json\/wp\/v2\/product_cat?post=100487"},{"taxonomy":"product_tag","embeddable":true,"href":"https:\/\/elturco.es\/tr\/wp-json\/wp\/v2\/product_tag?post=100487"}],"curies":[{"name":"wp","href":"https:\/\/api.w.org\/{rel}","templated":true}]}}