{"id":96693,"date":"2020-12-24T13:29:43","date_gmt":"2020-12-24T13:29:43","guid":{"rendered":"https:\/\/molti-ecommerce.samarj.com\/?page_id=7908"},"modified":"2024-08-29T13:44:11","modified_gmt":"2024-08-29T13:44:11","slug":"blog","status":"publish","type":"page","link":"https:\/\/elturco.es\/tr\/inicio\/blog\/","title":{"rendered":"Nuestro Blog"},"content":{"rendered":"<p>[et_pb_section fb_built=&#8221;1&#8243; next_background_color=&#8221;#ffffff&#8221; admin_label=&#8221;Hero Section&#8221; _builder_version=&#8221;4.16&#8243; background_enable_color=&#8221;off&#8221; background_image=&#8221;https:\/\/elturco.es\/wp-content\/uploads\/2024\/06\/Molti-Background.png&#8221; background_size=&#8221;initial&#8221; background_position=&#8221;bottom_left&#8221; custom_padding=&#8221;||80px||false|false&#8221; bottom_divider_style=&#8221;asymmetric2&#8243; bottom_divider_height_tablet=&#8221;40px&#8221; bottom_divider_height_phone=&#8221;25px&#8221; bottom_divider_height_last_edited=&#8221;on|tablet&#8221; locked=&#8221;off&#8221; global_colors_info=&#8221;{}&#8221;][et_pb_row column_structure=&#8221;1_2,1_2&#8243; make_equal=&#8221;on&#8221; module_class=&#8221;inline-buttons-row&#8221; _builder_version=&#8221;4.16&#8243; width=&#8221;90%&#8221; max_width=&#8221;90%&#8221; custom_css_main_element=&#8221;display:flex;||flex-wrap:wrap;&#8221; global_colors_info=&#8221;{}&#8221;][et_pb_column type=&#8221;1_2&#8243; _builder_version=&#8221;4.16&#8243; global_colors_info=&#8221;{}&#8221; custom_css_main_element_last_edited=&#8221;on|tablet&#8221; custom_css_main_element_tablet=&#8221;order:2;&#8221; custom_css_main_element_phone=&#8221;order:2;&#8221;][et_pb_text _builder_version=&#8221;4.16&#8243; header_font=&#8221;|800|||||||&#8221; header_font_size=&#8221;40px&#8221; header_line_height=&#8221;1.4em&#8221; header_5_font=&#8221;|700||on|||||&#8221; header_5_text_color=&#8221;#2558AB&#8221; header_5_font_size=&#8221;14px&#8221; width=&#8221;90%&#8221; custom_margin_tablet=&#8221;30px||||false|false&#8221; custom_margin_phone=&#8221;&#8221; custom_margin_last_edited=&#8221;on|tablet&#8221; header_font_size_tablet=&#8221;25px&#8221; header_font_size_phone=&#8221;&#8221; header_font_size_last_edited=&#8221;on|phone&#8221; global_colors_info=&#8221;{}&#8221;]<\/p>\n<h5 style=\"text-align: left;\">nuestro blog<\/h5>\n<h1 class=\"hero-1-title mb-4 font-weight-normal line-height-1_4\">\u00daltimos Art\u00edculos &amp; <span style=\"color: #ff8057;\">Noticias<\/span><\/h1>\n<div class=\"col-lg-6\">\n<div class=\"hero-title pr-lg-5\">\n<p class=\"text-muted mb-4 pb-2\">Intentamos darle m\u00e1s cosas que solo productos. Por eso, aqu\u00ed ponemos nuestros nuevos art\u00edculos sobre distintos temas.<\/p>\n<\/div>\n<\/div>\n<p>[\/et_pb_text][et_pb_search exclude_pages=&#8221;on&#8221; placeholder=&#8221;Busca en los art\u00edculos&#8221; button_color=&#8221;rgba(0,0,0,0)&#8221; _builder_version=&#8221;4.27.0&#8243; _module_preset=&#8221;default&#8221; form_field_background_color=&#8221;#ffffff&#8221; form_field_text_color=&#8221;rgba(0,0,0,0.43)&#8221; form_field_focus_background_color=&#8221;#ffffff&#8221; form_field_focus_text_color=&#8221;#000000&#8243; button_font=&#8221;|800||on|||||&#8221; button_text_color=&#8221;#ffffff&#8221; form_field_font=&#8221;|600|||||||&#8221; form_field_font_size=&#8221;16px&#8221; form_field_letter_spacing=&#8221;1px&#8221; background_color=&#8221;#ffffff&#8221; width=&#8221;85%&#8221; width_tablet=&#8221;100%&#8221; width_phone=&#8221;100%&#8221; width_last_edited=&#8221;on|phone&#8221; custom_margin=&#8221;||-2px|||&#8221; custom_padding=&#8221;20px|0.715em|20px|30px|true|false&#8221; hover_enabled=&#8221;0&#8243; button_font_size_tablet=&#8221;&#8221; button_font_size_phone=&#8221;11px&#8221; button_font_size_last_edited=&#8221;on|phone&#8221; form_field_font_size_tablet=&#8221;&#8221; form_field_font_size_phone=&#8221;12px&#8221; form_field_font_size_last_edited=&#8221;on|phone&#8221; custom_css_button=&#8221;  background-image: linear-gradient(151deg,#FF8057 38%,#ff5c26 100%);||  padding: 6px 25px;||  border-radius: 8px;||  margin-right: -5px;||\ttransition:.3s ease;||  letter-spacing:1px;||  transform:scale(0.85);||  z-index:999&#8243; border_radii=&#8221;on|8px|8px|8px|8px&#8221; border_width_all=&#8221;0px&#8221; box_shadow_style=&#8221;preset1&#8243; box_shadow_vertical=&#8221;13px&#8221; box_shadow_blur=&#8221;37px&#8221; box_shadow_color=&#8221;rgba(0,0,0,0.13)&#8221; global_colors_info=&#8221;{}&#8221; custom_css_button__hover_enabled=&#8221;on|desktop&#8221; custom_css_button__hover=&#8221;transform:scale(0.85) translate(0%,-5%);&#8221; sticky_enabled=&#8221;0&#8243;][\/et_pb_search][\/et_pb_column][et_pb_column type=&#8221;1_2&#8243; _builder_version=&#8221;4.16&#8243; global_colors_info=&#8221;{}&#8221; custom_css_main_element_tablet=&#8221;order:1;&#8221; custom_css_main_element_last_edited=&#8221;on|tablet&#8221; custom_css_main_element_phone=&#8221;order:1;&#8221;][et_pb_image src=&#8221;https:\/\/elturco.es\/wp-content\/uploads\/2024\/06\/Molti-Blog.png&#8221; title_text=&#8221;Molti &#8211; Blog&#8221; _builder_version=&#8221;4.16&#8243; global_colors_info=&#8221;{}&#8221;][\/et_pb_image][\/et_pb_column][\/et_pb_row][\/et_pb_section][et_pb_section fb_built=&#8221;1&#8243; _builder_version=&#8221;4.27.0&#8243; _module_preset=&#8221;default&#8221; hover_enabled=&#8221;0&#8243; global_colors_info=&#8221;{}&#8221; sticky_enabled=&#8221;0&#8243;][et_pb_row _builder_version=&#8221;4.16&#8243; _module_preset=&#8221;default&#8221; global_colors_info=&#8221;{}&#8221;][et_pb_column type=&#8221;4_4&#8243; _builder_version=&#8221;4.16&#8243; _module_preset=&#8221;default&#8221; global_colors_info=&#8221;{}&#8221;][et_pb_blog fullwidth=&#8221;off&#8221; posts_number=&#8221;20&#8243; include_categories=&#8221;400&#8243; meta_date=&#8221;M j&#8221; excerpt_length=&#8221;120&#8243; show_author=&#8221;off&#8221; module_class=&#8221;molti-blog-grid&#8221; _builder_version=&#8221;4.27.0&#8243; _module_preset=&#8221;default&#8221; header_font=&#8221;|700|||||||&#8221; header_font_size=&#8221;21px&#8221; header_line_height=&#8221;1.4em&#8221; body_text_color=&#8221;rgba(0,0,0,0.4)&#8221; body_font_size=&#8221;13px&#8221; hover_enabled=&#8221;0&#8243; custom_css_title=&#8221;margin-top:-35px&#8221; border_width_all=&#8221;0px&#8221; border_radii_image=&#8221;on|10px|10px|10px|10px&#8221; locked=&#8221;off&#8221; global_colors_info=&#8221;{}&#8221; header_text_color__hover_enabled=&#8221;on|desktop&#8221; header_text_color__hover=&#8221;#ff8057&#8243; sticky_enabled=&#8221;0&#8243; show_date=&#8221;off&#8221;][\/et_pb_blog][\/et_pb_column][\/et_pb_row][\/et_pb_section]<\/p>\n","protected":false},"excerpt":{"rendered":"<p>nuestro blog \u00daltimos Art\u00edculos &amp; Noticias Intentamos darle m\u00e1s cosas que solo productos. Por eso, aqu\u00ed ponemos nuestros nuevos art\u00edculos sobre distintos temas.<\/p>","protected":false},"author":1,"featured_media":0,"parent":100190,"menu_order":0,"comment_status":"closed","ping_status":"closed","template":"","meta":{"_et_pb_use_builder":"on","_et_pb_old_content":"","_et_gb_content_width":"","footnotes":""},"class_list":["post-96693","page","type-page","status-publish","hentry"],"_links":{"self":[{"href":"https:\/\/elturco.es\/tr\/wp-json\/wp\/v2\/pages\/96693","targetHints":{"allow":["GET"]}}],"collection":[{"href":"https:\/\/elturco.es\/tr\/wp-json\/wp\/v2\/pages"}],"about":[{"href":"https:\/\/elturco.es\/tr\/wp-json\/wp\/v2\/types\/page"}],"author":[{"embeddable":true,"href":"https:\/\/elturco.es\/tr\/wp-json\/wp\/v2\/users\/1"}],"replies":[{"embeddable":true,"href":"https:\/\/elturco.es\/tr\/wp-json\/wp\/v2\/comments?post=96693"}],"version-history":[{"count":5,"href":"https:\/\/elturco.es\/tr\/wp-json\/wp\/v2\/pages\/96693\/revisions"}],"predecessor-version":[{"id":100883,"href":"https:\/\/elturco.es\/tr\/wp-json\/wp\/v2\/pages\/96693\/revisions\/100883"}],"up":[{"embeddable":true,"href":"https:\/\/elturco.es\/tr\/wp-json\/wp\/v2\/pages\/100190"}],"wp:attachment":[{"href":"https:\/\/elturco.es\/tr\/wp-json\/wp\/v2\/media?parent=96693"}],"curies":[{"name":"wp","href":"https:\/\/api.w.org\/{rel}","templated":true}]}}