{"id":91680,"date":"2020-06-06T05:23:26","date_gmt":"2020-06-06T05:23:26","guid":{"rendered":"http:\/\/molti.local\/?page_id=377"},"modified":"2024-06-08T11:06:41","modified_gmt":"2024-06-08T11:06:41","slug":"sobre_nosotros","status":"publish","type":"page","link":"https:\/\/elturco.es\/tr\/tienda-documentos\/sobre_nosotros\/","title":{"rendered":"Sobre Nosotros"},"content":{"rendered":"<p>[et_pb_section fb_built=&#8221;1&#8243; next_background_color=&#8221;#ffffff&#8221; admin_label=&#8221;Hero Section&#8221; _builder_version=&#8221;4.16&#8243; background_enable_color=&#8221;off&#8221; background_image=&#8221;https:\/\/elturco.es\/wp-content\/uploads\/2024\/06\/Molti-Background.png&#8221; background_size=&#8221;initial&#8221; background_position=&#8221;bottom_left&#8221; custom_padding=&#8221;||80px||false|false&#8221; bottom_divider_style=&#8221;asymmetric2&#8243; bottom_divider_height_tablet=&#8221;40px&#8221; bottom_divider_height_phone=&#8221;25px&#8221; bottom_divider_height_last_edited=&#8221;on|tablet&#8221; locked=&#8221;off&#8221; global_colors_info=&#8221;{}&#8221;][et_pb_row column_structure=&#8221;1_2,1_2&#8243; make_equal=&#8221;on&#8221; module_class=&#8221;inline-buttons-row&#8221; _builder_version=&#8221;4.16&#8243; width=&#8221;90%&#8221; max_width=&#8221;90%&#8221; custom_css_main_element=&#8221;display:flex;||flex-wrap:wrap;&#8221; global_colors_info=&#8221;{}&#8221;][et_pb_column type=&#8221;1_2&#8243; _builder_version=&#8221;4.16&#8243; global_colors_info=&#8221;{}&#8221; custom_css_main_element_last_edited=&#8221;on|tablet&#8221; custom_css_main_element_tablet=&#8221;order:2;&#8221; custom_css_main_element_phone=&#8221;order:2;&#8221;][et_pb_text _builder_version=&#8221;4.25.1&#8243; header_font=&#8221;|800|||||||&#8221; header_font_size=&#8221;40px&#8221; header_line_height=&#8221;1.4em&#8221; header_5_font=&#8221;|700||on|||||&#8221; header_5_text_color=&#8221;#2558AB&#8221; header_5_font_size=&#8221;14px&#8221; width=&#8221;90%&#8221; custom_margin_tablet=&#8221;30px||||false|false&#8221; custom_margin_phone=&#8221;&#8221; custom_margin_last_edited=&#8221;on|tablet&#8221; header_font_size_tablet=&#8221;25px&#8221; header_font_size_phone=&#8221;&#8221; header_font_size_last_edited=&#8221;on|phone&#8221; global_colors_info=&#8221;{}&#8221;]<\/p>\n<h5 style=\"text-align: left;\">\u00bfQuienes somos?<\/h5>\n<h1 class=\"hero-1-title mb-4 font-weight-normal line-height-1_4\">\u00bfQuiere saber m\u00e1s <span style=\"color: #ff8057;\"><strong>\u00a0<span style=\"color: #ff0000;\">sobre nosotros?<\/span><\/strong><\/span><\/h1>\n<div class=\"col-lg-6\">\n<div class=\"hero-title pr-lg-5\">\n<p class=\"text-muted mb-4 pb-2\">Creado en 2007, es la p\u00e1gina especializado sobre Turqu\u00eda con muchas cruosidades.<\/p>\n<\/div>\n<\/div>\n<p>[\/et_pb_text][\/et_pb_column][et_pb_column type=&#8221;1_2&#8243; _builder_version=&#8221;4.16&#8243; global_colors_info=&#8221;{}&#8221; custom_css_main_element_tablet=&#8221;order:1;&#8221; custom_css_main_element_last_edited=&#8221;on|tablet&#8221; custom_css_main_element_phone=&#8221;order:1;&#8221;][et_pb_image src=&#8221;https:\/\/elturco.es\/wp-content\/uploads\/2024\/06\/kiz_kulesi_1520x1057.png&#8221; alt=&#8221;Kiz Kulesi&#8221; title_text=&#8221;kiz_kulesi_1520x1057&#8243; _builder_version=&#8221;4.25.1&#8243; filter_saturate=&#8221;154%&#8221; filter_sepia=&#8221;52%&#8221; filter_opacity=&#8221;83%&#8221; mix_blend_mode=&#8221;lighten&#8221; global_colors_info=&#8221;{}&#8221;][\/et_pb_image][\/et_pb_column][\/et_pb_row][\/et_pb_section][et_pb_section fb_built=&#8221;1&#8243; module_id=&#8221;read&#8221; _builder_version=&#8221;4.16&#8243; global_colors_info=&#8221;{}&#8221;][et_pb_row column_structure=&#8221;1_2,1_2&#8243; make_equal=&#8221;on&#8221; module_class=&#8221;inline-buttons-row&#8221; _builder_version=&#8221;4.16&#8243; global_colors_info=&#8221;{}&#8221;][et_pb_column type=&#8221;1_2&#8243; _builder_version=&#8221;4.16&#8243; global_colors_info=&#8221;{}&#8221;][et_pb_image src=&#8221;https:\/\/elturco.es\/wp-content\/uploads\/2024\/06\/Molti-Company.png&#8221; title_text=&#8221;Molti &#8211; Company&#8221; _builder_version=&#8221;4.16&#8243; width_tablet=&#8221;65%&#8221; width_phone=&#8221;75%&#8221; width_last_edited=&#8221;on|tablet&#8221; module_alignment=&#8221;center&#8221; global_colors_info=&#8221;{}&#8221;][\/et_pb_image][\/et_pb_column][et_pb_column type=&#8221;1_2&#8243; _builder_version=&#8221;4.16&#8243; global_colors_info=&#8221;{}&#8221;][et_pb_text module_class=&#8221;molti-text-before-contact-form&#8221; _builder_version=&#8221;4.25.1&#8243; text_font=&#8221;|700|||||||&#8221; text_letter_spacing=&#8221;0.5px&#8221; header_font=&#8221;|600|||||||&#8221; header_font_size=&#8221;35px&#8221; header_5_font=&#8221;|700||on|||||&#8221; header_5_font_size=&#8221;11px&#8221; locked=&#8221;off&#8221; global_colors_info=&#8221;{}&#8221;]<\/p>\n<p><mark-history>Nuestra Historia<\/mark-history><\/p>\n<p>[\/et_pb_text][et_pb_text _builder_version=&#8221;4.25.1&#8243; header_3_font=&#8221;|600|||||||&#8221; header_3_font_size=&#8221;35px&#8221; header_3_line_height=&#8221;1.5em&#8221; custom_margin=&#8221;||0px||false|false&#8221; header_3_font_size_tablet=&#8221;25px&#8221; header_3_font_size_phone=&#8221;&#8221; header_3_font_size_last_edited=&#8221;on|tablet&#8221; global_colors_info=&#8221;{}&#8221; header_3_font_size__hover_enabled=&#8221;off|desktop&#8221;]<\/p>\n<h3>Desde <span style=\"color: #ff8057;\">2007<\/span>\u00a0<\/h3>\n<p>[\/et_pb_text][et_pb_text _builder_version=&#8221;4.25.1&#8243; text_letter_spacing=&#8221;1px&#8221; custom_margin=&#8221;||20px||false|false&#8221; global_colors_info=&#8221;{}&#8221;]<\/p>\n<p><a href=\"elturco.es\" title=\"elturco.es\"><span style=\"color: #ff0000;\"><strong><span class=\"Apple-style-span\">elturco.es<\/span><\/strong><\/span><\/a><span>\u00a0es una p\u00e1gina web creada por Doruk Saracoglu en el a\u00f1o 2007 con la intenci\u00f3n de infromar la sociedad espa\u00f1ola sobre los costumbres turcos.<\/span><\/p>\n<p>[\/et_pb_text][et_pb_blurb title=&#8221;Comida Turca&#8221; use_icon=&#8221;on&#8221; font_icon=&#8221;&#x4e;||divi||400&#8243; icon_color=&#8221;#ff8057&#8243; icon_placement=&#8221;left&#8221; image_icon_width=&#8221;20px&#8221; content_max_width=&#8221;1100px&#8221; _builder_version=&#8221;4.25.1&#8243; header_font=&#8221;|700|||||||&#8221; header_font_size=&#8221;14px&#8221; custom_margin=&#8221;||10px||false|false&#8221; animation=&#8221;off&#8221; custom_css_blurb_title=&#8221;margin-left:-15px;||margin-top:2px&#8221; icon_font_size=&#8221;20px&#8221; global_colors_info=&#8221;{}&#8221;][\/et_pb_blurb][et_pb_blurb title=&#8221;Informaci\u00f3n tur\u00edstica&#8221; use_icon=&#8221;on&#8221; font_icon=&#8221;&#x4e;||divi||400&#8243; icon_color=&#8221;#ff8057&#8243; icon_placement=&#8221;left&#8221; image_icon_width=&#8221;20px&#8221; content_max_width=&#8221;1100px&#8221; _builder_version=&#8221;4.25.1&#8243; header_font=&#8221;|700|||||||&#8221; header_font_size=&#8221;14px&#8221; custom_margin=&#8221;||10px||false|false&#8221; animation=&#8221;off&#8221; custom_css_blurb_title=&#8221;margin-left:-15px;||margin-top:2px&#8221; icon_font_size=&#8221;20px&#8221; global_colors_info=&#8221;{}&#8221;][\/et_pb_blurb][et_pb_blurb title=&#8221;Curiosidades sobre Turqu\u00eda&#8221; use_icon=&#8221;on&#8221; font_icon=&#8221;&#x4e;||divi||400&#8243; icon_color=&#8221;#ff8057&#8243; icon_placement=&#8221;left&#8221; image_icon_width=&#8221;20px&#8221; content_max_width=&#8221;1100px&#8221; _builder_version=&#8221;4.25.1&#8243; header_font=&#8221;|700|||||||&#8221; header_font_size=&#8221;14px&#8221; animation=&#8221;off&#8221; custom_css_blurb_title=&#8221;margin-left:-15px;||margin-top:2px&#8221; icon_font_size=&#8221;20px&#8221; global_colors_info=&#8221;{}&#8221;][\/et_pb_blurb][et_pb_text _builder_version=&#8221;4.25.1&#8243; text_letter_spacing=&#8221;1px&#8221; custom_margin=&#8221;||20px||false|false&#8221; global_colors_info=&#8221;{}&#8221;]<\/p>\n<p><span>Tambi\u00e9n en la p\u00e1gina aparece varios servicios que presta el equipo de <a href=\"elturco.es\" title=\"elturco.es\"><span style=\"color: #ff0000;\"><strong><span class=\"Apple-style-span\">elturco.es<\/span><\/strong><\/span><\/a>\u00a0en varios sectores, como ense\u00f1anza, traducci\u00f3n, etc.<\/span><\/p>\n<p>[\/et_pb_text][et_pb_text _builder_version=&#8221;4.25.1&#8243; text_letter_spacing=&#8221;1px&#8221; custom_margin=&#8221;||20px||false|false&#8221; global_colors_info=&#8221;{}&#8221;]<\/p>\n<p><span>En el a\u00f1o 2009 se cre\u00f3 la secci\u00f3n de tienda para prestar un servicio que falta en Espa\u00f1a sobre comercializaci\u00f3n de productos procedentes de Turqu\u00eda.<\/span><\/p>\n<p>[\/et_pb_text][et_pb_text _builder_version=&#8221;4.25.1&#8243; text_letter_spacing=&#8221;1px&#8221; custom_margin=&#8221;||20px||false|false&#8221; global_colors_info=&#8221;{}&#8221;]<\/p>\n<p><span>Y, despu\u00e9s de m\u00e1s de 15 a\u00f1os de historia, ampliamos nuestras oferta con muchos contenidos interesantes tanto para hispanohablantes como para los turcos que quieren establecer en Espa\u00f1a.<\/span><\/p>\n<p>[\/et_pb_text][et_pb_text _builder_version=&#8221;4.25.1&#8243; text_letter_spacing=&#8221;1px&#8221; custom_margin=&#8221;||20px||false|false&#8221; global_colors_info=&#8221;{}&#8221;]<\/p>\n<p><span>Esperamos que encuentre lo que busca sobre Turqu\u00eda y Espa\u00f1a aqu\u00ed, en\u00a0<\/span><a href=\"elturco.es\" title=\"elturco.es\"><span style=\"color: #ff0000;\"><strong><span class=\"Apple-style-span\">elturco.es<\/span><\/strong><\/span><\/a><\/p>\n<p>[\/et_pb_text][\/et_pb_column][\/et_pb_row][\/et_pb_section]<\/p>\n","protected":false},"excerpt":{"rendered":"<p>\u00bfQuienes somos? \u00bfQuiere saber m\u00e1s \u00a0sobre nosotros? Creado en 2007, es la p\u00e1gina especializado sobre Turqu\u00eda con muchas cruosidades. Nuestra HistoriaDesde 2007\u00a0elturco.es\u00a0es una p\u00e1gina web creada por Doruk Saracoglu en el a\u00f1o 2007 con la intenci\u00f3n de infromar la sociedad espa\u00f1ola sobre los costumbres turcos.Tambi\u00e9n en la p\u00e1gina aparece varios servicios que presta el equipo [&hellip;]<\/p>\n","protected":false},"author":1,"featured_media":0,"parent":100113,"menu_order":0,"comment_status":"closed","ping_status":"closed","template":"","meta":{"_et_pb_use_builder":"on","_et_pb_old_content":"","_et_gb_content_width":"","footnotes":""},"class_list":["post-91680","page","type-page","status-publish","hentry"],"_links":{"self":[{"href":"https:\/\/elturco.es\/tr\/wp-json\/wp\/v2\/pages\/91680","targetHints":{"allow":["GET"]}}],"collection":[{"href":"https:\/\/elturco.es\/tr\/wp-json\/wp\/v2\/pages"}],"about":[{"href":"https:\/\/elturco.es\/tr\/wp-json\/wp\/v2\/types\/page"}],"author":[{"embeddable":true,"href":"https:\/\/elturco.es\/tr\/wp-json\/wp\/v2\/users\/1"}],"replies":[{"embeddable":true,"href":"https:\/\/elturco.es\/tr\/wp-json\/wp\/v2\/comments?post=91680"}],"version-history":[{"count":7,"href":"https:\/\/elturco.es\/tr\/wp-json\/wp\/v2\/pages\/91680\/revisions"}],"predecessor-version":[{"id":100151,"href":"https:\/\/elturco.es\/tr\/wp-json\/wp\/v2\/pages\/91680\/revisions\/100151"}],"up":[{"embeddable":true,"href":"https:\/\/elturco.es\/tr\/wp-json\/wp\/v2\/pages\/100113"}],"wp:attachment":[{"href":"https:\/\/elturco.es\/tr\/wp-json\/wp\/v2\/media?parent=91680"}],"curies":[{"name":"wp","href":"https:\/\/api.w.org\/{rel}","templated":true}]}}