{"id":101015,"date":"2024-09-22T17:12:56","date_gmt":"2024-09-22T17:12:56","guid":{"rendered":"https:\/\/elturco.es\/?page_id=101015"},"modified":"2024-09-22T17:18:44","modified_gmt":"2024-09-22T17:18:44","slug":"mapa-del-sitio","status":"publish","type":"page","link":"https:\/\/elturco.es\/tr\/tienda-documentos\/mapa-del-sitio\/","title":{"rendered":"Mapa del Sitio"},"content":{"rendered":"<p>[et_pb_section fb_built=&#8221;1&#8243; _builder_version=&#8221;4.25.1&#8243; _module_preset=&#8221;default&#8221; background_color=&#8221;#FF1A29&#8243; custom_padding=&#8221;||0px||false|false&#8221; locked=&#8221;off&#8221; global_colors_info=&#8221;{}&#8221;][et_pb_row _builder_version=&#8221;4.16&#8243; _module_preset=&#8221;default&#8221; global_colors_info=&#8221;{}&#8221;][et_pb_column type=&#8221;4_4&#8243; _builder_version=&#8221;4.16&#8243; _module_preset=&#8221;default&#8221; global_colors_info=&#8221;{}&#8221;][et_pb_text _builder_version=&#8221;4.25.1&#8243; _module_preset=&#8221;default&#8221; text_text_color=&#8221;#ffffff&#8221; text_font_size=&#8221;15px&#8221; text_letter_spacing=&#8221;1px&#8221; header_3_font=&#8221;|700|||||||&#8221; header_3_text_color=&#8221;#ffffff&#8221; header_3_font_size=&#8221;40px&#8221; text_orientation=&#8221;center&#8221; width=&#8221;80%&#8221; width_tablet=&#8221;89%&#8221; width_phone=&#8221;100%&#8221; width_last_edited=&#8221;on|phone&#8221; module_alignment=&#8221;center&#8221; scroll_vertical_motion_enable=&#8221;on&#8221; scroll_vertical_motion=&#8221;0|64|64|100|0|0|0.5&#8243; scroll_fade_enable=&#8221;on&#8221; scroll_fade=&#8221;0|68|68|100|0|100%|0%&#8221; scroll_blur_enable=&#8221;on&#8221; scroll_blur=&#8221;0|85|85|100|0px|0px|5px&#8221; text_font_size_tablet=&#8221;&#8221; text_font_size_phone=&#8221;13px&#8221; text_font_size_last_edited=&#8221;on|phone&#8221; header_3_font_size_tablet=&#8221;29px&#8221; header_3_font_size_phone=&#8221;25px&#8221; header_3_font_size_last_edited=&#8221;on|phone&#8221; header_3_line_height_tablet=&#8221;&#8221; header_3_line_height_phone=&#8221;1.4em&#8221; header_3_line_height_last_edited=&#8221;on|phone&#8221; global_colors_info=&#8221;{}&#8221;]<\/p>\n<h3>Mapa del Sitio<\/h3>\n<p>Si te has perdido en nuestra p\u00e1gina web, no te preocupes. Aqu\u00ed tienes el mapa del sitio.<\/p>\n<p>[\/et_pb_text][\/et_pb_column][\/et_pb_row][\/et_pb_section][et_pb_section fb_built=&#8221;1&#8243; _builder_version=&#8221;4.16&#8243; _module_preset=&#8221;default&#8221; custom_padding=&#8221;32px|||||&#8221; global_colors_info=&#8221;{}&#8221;][et_pb_row column_structure=&#8221;1_3,1_3,1_3&#8243; module_class=&#8221;molti-faq-1-content&#8221; _builder_version=&#8221;4.16&#8243; _module_preset=&#8221;default&#8221; global_colors_info=&#8221;{}&#8221;][et_pb_column type=&#8221;1_3&#8243; _builder_version=&#8221;4.16&#8243; _module_preset=&#8221;default&#8221; global_colors_info=&#8221;{}&#8221;][et_pb_text _builder_version=&#8221;4.27.0&#8243; _dynamic_attributes=&#8221;link_option_url&#8221; _module_preset=&#8221;default&#8221; header_3_font=&#8221;|700|||||||&#8221; header_3_font_size=&#8221;26px&#8221; custom_margin=&#8221;||10px||false|false&#8221; link_option_url=&#8221;@ET-DC@eyJkeW5hbWljIjp0cnVlLCJjb250ZW50IjoicG9zdF9saW5rX3VybF9wYWdlIiwic2V0dGluZ3MiOnsicG9zdF9pZCI6IjEwMDE5MCJ9fQ==@&#8221; global_colors_info=&#8221;{}&#8221;]<\/p>\n<h3 style=\"text-align: center;\"><span style=\"color: #ff0000;\">Inicio<\/span><\/h3>\n<p>[\/et_pb_text][\/et_pb_column][et_pb_column type=&#8221;1_3&#8243; _builder_version=&#8221;4.16&#8243; _module_preset=&#8221;default&#8221; global_colors_info=&#8221;{}&#8221;][et_pb_text _builder_version=&#8221;4.27.0&#8243; _dynamic_attributes=&#8221;link_option_url&#8221; _module_preset=&#8221;default&#8221; header_3_font=&#8221;|700|||||||&#8221; header_3_font_size=&#8221;26px&#8221; custom_margin=&#8221;||10px||false|false&#8221; link_option_url=&#8221;@ET-DC@eyJkeW5hbWljIjp0cnVlLCJjb250ZW50IjoicG9zdF9saW5rX3VybF9wYWdlIiwic2V0dGluZ3MiOnsicG9zdF9pZCI6IjEwMDIwOSJ9fQ==@&#8221; global_colors_info=&#8221;{}&#8221;]<\/p>\n<h3 style=\"text-align: center;\"><span style=\"color: #ff0000;\"><span style=\"caret-color: #ff0000;\">Tienda<\/span><\/span><\/h3>\n<p>[\/et_pb_text][et_pb_toggle title=&#8221;Alimentaci\u00f3n&#8221; open_toggle_text_color=&#8221;#ff8057&#8243; icon_color=&#8221;rgba(0,0,0,0.18)&#8221; use_icon_font_size=&#8221;on&#8221; icon_font_size=&#8221;20px&#8221; open_icon_color=&#8221;rgba(0,0,0,0.18)&#8221; open_use_icon_font_size=&#8221;on&#8221; open_icon_font_size=&#8221;20px&#8221; module_class=&#8221;molti-faq&#8221; _builder_version=&#8221;4.27.0&#8243; title_text_color=&#8221;rgba(0,0,0,0.45)&#8221; title_font=&#8221;|600|||||||&#8221; title_line_height=&#8221;1.2em&#8221; background_color=&#8221;#ffffff&#8221; width=&#8221;65%&#8221; width_tablet=&#8221;80%&#8221; width_phone=&#8221;100%&#8221; width_last_edited=&#8221;on|phone&#8221; module_alignment=&#8221;center&#8221; custom_margin=&#8221;||15px||false|false&#8221; title_font_size_tablet=&#8221;&#8221; title_font_size_phone=&#8221;14px&#8221; title_font_size_last_edited=&#8221;on|phone&#8221; border_radii=&#8221;on|5px|5px|5px|5px&#8221; border_width_all=&#8221;0px&#8221; box_shadow_style=&#8221;preset1&#8243; box_shadow_blur=&#8221;5px&#8221; box_shadow_color=&#8221;rgba(0,0,0,0.08)&#8221; locked=&#8221;off&#8221; global_colors_info=&#8221;{}&#8221; transform_styles__hover_enabled=&#8221;on|desktop&#8221; transform_scale__hover_enabled=&#8221;on|desktop&#8221; transform_translate__hover_enabled=&#8221;on|desktop&#8221; transform_rotate__hover_enabled=&#8221;on|desktop&#8221; transform_skew__hover_enabled=&#8221;on|desktop&#8221; transform_origin__hover_enabled=&#8221;on|desktop&#8221; box_shadow_blur__hover_enabled=&#8221;off|desktop&#8221; box_shadow_blur__hover=&#8221;15px&#8221; box_shadow_vertical__hover_enabled=&#8221;off|desktop&#8221; box_shadow_vertical__hover=&#8221;5px&#8221; transform_scale__hover=&#8221;102%|102%&#8221;]<\/p>\n<p><a href=\"https:\/\/elturco.es\/product-category\/alimentacion\/comida_preparada\/\">Comida Preparado<\/a><\/p>\n<p><a href=\"https:\/\/elturco.es\/product-category\/alimentacion\/tes-y-cafes\/\">T\u00e9s y Caf\u00e9s<\/a><\/p>\n<p><a href=\"https:\/\/elturco.es\/product-category\/alimentacion\/mermeladas_y_dulces\/\">Mermeladas y Dulces<\/a><\/p>\n<p><a href=\"https:\/\/elturco.es\/product-category\/alimentacion\/lacteos\/\">L\u00e1cteos<\/a><\/p>\n<p><a href=\"https:\/\/elturco.es\/product-category\/alimentacion\/carnes\/\">Carnes<\/a><\/p>\n<p><a href=\"https:\/\/elturco.es\/product-category\/alimentacion\/pastas\/\">Pastas<\/a><\/p>\n<p><a href=\"https:\/\/elturco.es\/product-category\/alimentacion\/legumbres\/\">Legumbres<\/a><\/p>\n<p>&nbsp;<\/p>\n<p>[\/et_pb_toggle][et_pb_toggle title=&#8221;Bebidas&#8221; open_toggle_text_color=&#8221;#ff8057&#8243; icon_color=&#8221;rgba(0,0,0,0.18)&#8221; use_icon_font_size=&#8221;on&#8221; icon_font_size=&#8221;20px&#8221; open_icon_color=&#8221;rgba(0,0,0,0.18)&#8221; open_use_icon_font_size=&#8221;on&#8221; open_icon_font_size=&#8221;20px&#8221; module_class=&#8221;molti-faq&#8221; _builder_version=&#8221;4.27.0&#8243; title_text_color=&#8221;rgba(0,0,0,0.45)&#8221; title_font=&#8221;|600|||||||&#8221; title_line_height=&#8221;1.2em&#8221; background_color=&#8221;#ffffff&#8221; width=&#8221;65%&#8221; width_tablet=&#8221;80%&#8221; width_phone=&#8221;100%&#8221; width_last_edited=&#8221;on|phone&#8221; module_alignment=&#8221;center&#8221; custom_margin=&#8221;||15px||false|false&#8221; title_font_size_tablet=&#8221;&#8221; title_font_size_phone=&#8221;14px&#8221; title_font_size_last_edited=&#8221;on|phone&#8221; border_radii=&#8221;on|5px|5px|5px|5px&#8221; border_width_all=&#8221;0px&#8221; box_shadow_style=&#8221;preset1&#8243; box_shadow_blur=&#8221;5px&#8221; box_shadow_color=&#8221;rgba(0,0,0,0.08)&#8221; locked=&#8221;off&#8221; global_colors_info=&#8221;{}&#8221; transform_styles__hover_enabled=&#8221;on|desktop&#8221; transform_scale__hover_enabled=&#8221;on|desktop&#8221; transform_translate__hover_enabled=&#8221;on|desktop&#8221; transform_rotate__hover_enabled=&#8221;on|desktop&#8221; transform_skew__hover_enabled=&#8221;on|desktop&#8221; transform_origin__hover_enabled=&#8221;on|desktop&#8221; box_shadow_blur__hover_enabled=&#8221;off|desktop&#8221; box_shadow_blur__hover=&#8221;15px&#8221; box_shadow_vertical__hover_enabled=&#8221;off|desktop&#8221; box_shadow_vertical__hover=&#8221;5px&#8221; transform_scale__hover=&#8221;102%|102%&#8221;]<\/p>\n<p><a href=\"https:\/\/elturco.es\/product-category\/bebidas\/bebidas_alcoholicas\/\">Bebidas Alcoh\u00f3licas<\/a><\/p>\n<p><a href=\"https:\/\/elturco.es\/product-category\/bebidas\/bebidas_no_alcoholicas\/\">Bebidas No Alcoh\u00f3licas<\/a><\/p>\n<p>[\/et_pb_toggle][\/et_pb_column][et_pb_column type=&#8221;1_3&#8243; _builder_version=&#8221;4.16&#8243; _module_preset=&#8221;default&#8221; global_colors_info=&#8221;{}&#8221;][et_pb_text _builder_version=&#8221;4.27.0&#8243; _dynamic_attributes=&#8221;link_option_url&#8221; _module_preset=&#8221;default&#8221; header_3_font=&#8221;|700|||||||&#8221; header_3_font_size=&#8221;26px&#8221; custom_margin=&#8221;||10px||false|false&#8221; link_option_url=&#8221;@ET-DC@eyJkeW5hbWljIjp0cnVlLCJjb250ZW50IjoicG9zdF9saW5rX3VybF9wYWdlIiwic2V0dGluZ3MiOnsicG9zdF9pZCI6IjEwMDE1MiJ9fQ==@&#8221; global_colors_info=&#8221;{}&#8221;]<\/p>\n<h3 style=\"text-align: center;\"><span style=\"color: #ff0000;\"><span style=\"caret-color: #ff0000;\">Otros Enlaces<\/span><\/span><\/h3>\n<p>[\/et_pb_text][et_pb_toggle title=&#8221;Nuestro Blog&#8221; open_toggle_text_color=&#8221;#ff8057&#8243; icon_color=&#8221;rgba(0,0,0,0.18)&#8221; use_icon_font_size=&#8221;on&#8221; icon_font_size=&#8221;20px&#8221; open_icon_color=&#8221;rgba(0,0,0,0.18)&#8221; open_use_icon_font_size=&#8221;on&#8221; open_icon_font_size=&#8221;20px&#8221; module_class=&#8221;molti-faq&#8221; _builder_version=&#8221;4.27.0&#8243; title_text_color=&#8221;rgba(0,0,0,0.45)&#8221; title_font=&#8221;|600|||||||&#8221; title_line_height=&#8221;1.2em&#8221; background_color=&#8221;#ffffff&#8221; width=&#8221;65%&#8221; width_tablet=&#8221;80%&#8221; width_phone=&#8221;100%&#8221; width_last_edited=&#8221;on|phone&#8221; module_alignment=&#8221;center&#8221; custom_margin=&#8221;||15px||false|false&#8221; title_font_size_tablet=&#8221;&#8221; title_font_size_phone=&#8221;14px&#8221; title_font_size_last_edited=&#8221;on|phone&#8221; border_radii=&#8221;on|5px|5px|5px|5px&#8221; border_width_all=&#8221;0px&#8221; box_shadow_style=&#8221;preset1&#8243; box_shadow_blur=&#8221;5px&#8221; box_shadow_color=&#8221;rgba(0,0,0,0.08)&#8221; locked=&#8221;off&#8221; global_colors_info=&#8221;{}&#8221; transform_styles__hover_enabled=&#8221;on|desktop&#8221; transform_scale__hover_enabled=&#8221;on|desktop&#8221; transform_translate__hover_enabled=&#8221;on|desktop&#8221; transform_rotate__hover_enabled=&#8221;on|desktop&#8221; transform_skew__hover_enabled=&#8221;on|desktop&#8221; transform_origin__hover_enabled=&#8221;on|desktop&#8221; box_shadow_blur__hover_enabled=&#8221;off|desktop&#8221; box_shadow_blur__hover=&#8221;15px&#8221; box_shadow_vertical__hover_enabled=&#8221;off|desktop&#8221; box_shadow_vertical__hover=&#8221;5px&#8221; transform_scale__hover=&#8221;102%|102%&#8221;]<\/p>\n<p>P\u00e1gina Inicial de <a href=\"https:\/\/elturco.es\/inicio\/blog\/\">Nuestro Blog<\/a><\/p>\n<p>[\/et_pb_toggle][et_pb_toggle title=&#8221;Contacto&#8221; open_toggle_text_color=&#8221;#ff8057&#8243; icon_color=&#8221;rgba(0,0,0,0.18)&#8221; use_icon_font_size=&#8221;on&#8221; icon_font_size=&#8221;20px&#8221; open_icon_color=&#8221;rgba(0,0,0,0.18)&#8221; open_use_icon_font_size=&#8221;on&#8221; open_icon_font_size=&#8221;20px&#8221; module_class=&#8221;molti-faq&#8221; _builder_version=&#8221;4.27.0&#8243; title_text_color=&#8221;rgba(0,0,0,0.45)&#8221; title_font=&#8221;|600|||||||&#8221; title_line_height=&#8221;1.2em&#8221; background_color=&#8221;#ffffff&#8221; width=&#8221;65%&#8221; width_tablet=&#8221;80%&#8221; width_phone=&#8221;100%&#8221; width_last_edited=&#8221;on|phone&#8221; module_alignment=&#8221;center&#8221; custom_margin=&#8221;||15px||false|false&#8221; title_font_size_tablet=&#8221;&#8221; title_font_size_phone=&#8221;14px&#8221; title_font_size_last_edited=&#8221;on|phone&#8221; border_radii=&#8221;on|5px|5px|5px|5px&#8221; border_width_all=&#8221;0px&#8221; box_shadow_style=&#8221;preset1&#8243; box_shadow_blur=&#8221;5px&#8221; box_shadow_color=&#8221;rgba(0,0,0,0.08)&#8221; locked=&#8221;off&#8221; global_colors_info=&#8221;{}&#8221; transform_styles__hover_enabled=&#8221;on|desktop&#8221; transform_scale__hover_enabled=&#8221;on|desktop&#8221; transform_translate__hover_enabled=&#8221;on|desktop&#8221; transform_rotate__hover_enabled=&#8221;on|desktop&#8221; transform_skew__hover_enabled=&#8221;on|desktop&#8221; transform_origin__hover_enabled=&#8221;on|desktop&#8221; box_shadow_blur__hover_enabled=&#8221;off|desktop&#8221; box_shadow_blur__hover=&#8221;15px&#8221; box_shadow_vertical__hover_enabled=&#8221;off|desktop&#8221; box_shadow_vertical__hover=&#8221;5px&#8221; transform_scale__hover=&#8221;102%|102%&#8221;]<\/p>\n<p>P\u00e1gina de <a href=\"https:\/\/elturco.es\/tienda-documentos\/contacto\/\">Contacto<\/a><\/p>\n<p>[\/et_pb_toggle][et_pb_toggle title=&#8221;Mi Cuenta&#8221; open_toggle_text_color=&#8221;#ff8057&#8243; icon_color=&#8221;rgba(0,0,0,0.18)&#8221; use_icon_font_size=&#8221;on&#8221; icon_font_size=&#8221;20px&#8221; open_icon_color=&#8221;rgba(0,0,0,0.18)&#8221; open_use_icon_font_size=&#8221;on&#8221; open_icon_font_size=&#8221;20px&#8221; module_class=&#8221;molti-faq&#8221; _builder_version=&#8221;4.27.0&#8243; title_text_color=&#8221;rgba(0,0,0,0.45)&#8221; title_font=&#8221;|600|||||||&#8221; title_line_height=&#8221;1.2em&#8221; background_color=&#8221;#ffffff&#8221; width=&#8221;65%&#8221; width_tablet=&#8221;80%&#8221; width_phone=&#8221;100%&#8221; width_last_edited=&#8221;on|phone&#8221; module_alignment=&#8221;center&#8221; custom_margin=&#8221;||15px||false|false&#8221; title_font_size_tablet=&#8221;&#8221; title_font_size_phone=&#8221;14px&#8221; title_font_size_last_edited=&#8221;on|phone&#8221; border_radii=&#8221;on|5px|5px|5px|5px&#8221; border_width_all=&#8221;0px&#8221; box_shadow_style=&#8221;preset1&#8243; box_shadow_blur=&#8221;5px&#8221; box_shadow_color=&#8221;rgba(0,0,0,0.08)&#8221; locked=&#8221;off&#8221; global_colors_info=&#8221;{}&#8221; transform_styles__hover_enabled=&#8221;on|desktop&#8221; transform_scale__hover_enabled=&#8221;on|desktop&#8221; transform_translate__hover_enabled=&#8221;on|desktop&#8221; transform_rotate__hover_enabled=&#8221;on|desktop&#8221; transform_skew__hover_enabled=&#8221;on|desktop&#8221; transform_origin__hover_enabled=&#8221;on|desktop&#8221; box_shadow_blur__hover_enabled=&#8221;off|desktop&#8221; box_shadow_blur__hover=&#8221;15px&#8221; box_shadow_vertical__hover_enabled=&#8221;off|desktop&#8221; box_shadow_vertical__hover=&#8221;5px&#8221; transform_scale__hover=&#8221;102%|102%&#8221;]<\/p>\n<p><a href=\"https:\/\/elturco.es\/inicio\/tienda\/mi_cuenta\/\">Mi Cuenta<\/a><\/p>\n<p>[\/et_pb_toggle][et_pb_toggle title=&#8221;Servicios&#8221; open_toggle_text_color=&#8221;#ff8057&#8243; icon_color=&#8221;rgba(0,0,0,0.18)&#8221; use_icon_font_size=&#8221;on&#8221; icon_font_size=&#8221;20px&#8221; open_icon_color=&#8221;rgba(0,0,0,0.18)&#8221; open_use_icon_font_size=&#8221;on&#8221; open_icon_font_size=&#8221;20px&#8221; module_class=&#8221;molti-faq&#8221; _builder_version=&#8221;4.16&#8243; title_text_color=&#8221;rgba(0,0,0,0.45)&#8221; title_font=&#8221;|600|||||||&#8221; title_line_height=&#8221;1.2em&#8221; background_color=&#8221;#ffffff&#8221; width=&#8221;65%&#8221; width_tablet=&#8221;80%&#8221; width_phone=&#8221;100%&#8221; width_last_edited=&#8221;on|phone&#8221; module_alignment=&#8221;center&#8221; custom_margin=&#8221;||15px||false|false&#8221; title_font_size_tablet=&#8221;&#8221; title_font_size_phone=&#8221;14px&#8221; title_font_size_last_edited=&#8221;on|phone&#8221; border_radii=&#8221;on|5px|5px|5px|5px&#8221; border_width_all=&#8221;0px&#8221; box_shadow_style=&#8221;preset1&#8243; box_shadow_blur=&#8221;5px&#8221; box_shadow_color=&#8221;rgba(0,0,0,0.08)&#8221; locked=&#8221;off&#8221; global_colors_info=&#8221;{}&#8221; transform_styles__hover_enabled=&#8221;on|desktop&#8221; transform_scale__hover_enabled=&#8221;on|desktop&#8221; transform_translate__hover_enabled=&#8221;on|desktop&#8221; transform_rotate__hover_enabled=&#8221;on|desktop&#8221; transform_skew__hover_enabled=&#8221;on|desktop&#8221; transform_origin__hover_enabled=&#8221;on|desktop&#8221; box_shadow_blur__hover_enabled=&#8221;off|desktop&#8221; box_shadow_blur__hover=&#8221;15px&#8221; box_shadow_vertical__hover_enabled=&#8221;off|desktop&#8221; box_shadow_vertical__hover=&#8221;5px&#8221; transform_scale__hover=&#8221;102%|102%&#8221;]<\/p>\n<p><a href=\"https:\/\/elturco.es\/tienda-documentos\/compra-segura\/\"><span>Compra Segura<\/span><\/a><\/p>\n<p><a href=\"https:\/\/elturco.es\/tienda-documentos\/envios_devoluciones\/\">Env\u00edos y Devoluciones<\/a><span><\/span><\/p>\n<p><a href=\"https:\/\/elturco.es\/tienda-documentos\/preguntas_frecuentes\/\">Preguntas Frecuentes<\/a><\/p>\n<p><a href=\"https:\/\/elturco.es\/tienda-documentos\/politica_de_privacidad\/\">P\u00f3litica de Privacidad<\/a><\/p>\n<p><a href=\"https:\/\/elturco.es\/tienda-documentos\/terminos-de-servicio\/\">T\u00e9rminos de Servicio<\/a><\/p>\n<p><span><\/span><\/p>\n<p>[\/et_pb_toggle][et_pb_toggle title=&#8221;Informacion&#8221; open_toggle_text_color=&#8221;#ff8057&#8243; icon_color=&#8221;rgba(0,0,0,0.18)&#8221; use_icon_font_size=&#8221;on&#8221; icon_font_size=&#8221;20px&#8221; open_icon_color=&#8221;rgba(0,0,0,0.18)&#8221; open_use_icon_font_size=&#8221;on&#8221; open_icon_font_size=&#8221;20px&#8221; module_class=&#8221;molti-faq&#8221; _builder_version=&#8221;4.27.0&#8243; title_text_color=&#8221;rgba(0,0,0,0.45)&#8221; title_font=&#8221;|600|||||||&#8221; title_line_height=&#8221;1.2em&#8221; background_color=&#8221;#ffffff&#8221; width=&#8221;65%&#8221; width_tablet=&#8221;80%&#8221; width_phone=&#8221;100%&#8221; width_last_edited=&#8221;on|phone&#8221; module_alignment=&#8221;center&#8221; custom_margin=&#8221;||15px||false|false&#8221; hover_enabled=&#8221;0&#8243; title_font_size_tablet=&#8221;&#8221; title_font_size_phone=&#8221;14px&#8221; title_font_size_last_edited=&#8221;on|phone&#8221; border_radii=&#8221;on|5px|5px|5px|5px&#8221; border_width_all=&#8221;0px&#8221; box_shadow_style=&#8221;preset1&#8243; box_shadow_blur=&#8221;5px&#8221; box_shadow_color=&#8221;rgba(0,0,0,0.08)&#8221; locked=&#8221;off&#8221; global_colors_info=&#8221;{}&#8221; transform_styles__hover_enabled=&#8221;on|desktop&#8221; transform_scale__hover_enabled=&#8221;on|desktop&#8221; transform_translate__hover_enabled=&#8221;on|desktop&#8221; transform_rotate__hover_enabled=&#8221;on|desktop&#8221; transform_skew__hover_enabled=&#8221;on|desktop&#8221; transform_origin__hover_enabled=&#8221;on|desktop&#8221; box_shadow_blur__hover_enabled=&#8221;off|desktop&#8221; box_shadow_blur__hover=&#8221;15px&#8221; box_shadow_vertical__hover_enabled=&#8221;off|desktop&#8221; box_shadow_vertical__hover=&#8221;5px&#8221; transform_scale__hover=&#8221;102%|102%&#8221; sticky_enabled=&#8221;0&#8243;]<\/p>\n<p><a href=\"https:\/\/elturco.es\/tienda-documentos\/sobre_nosotros\/\"><span>Sobre Nosotros<\/span><\/a><\/p>\n<p><a href=\"#\">Otros Servicios<\/a><span><\/span><\/p>\n<p><a href=\"https:\/\/elturco.es\/inicio\/blog\/\">Nuestro Blog<\/a><\/p>\n<p><a href=\"https:\/\/elturco.es\/tienda-documentos\/contacto\/\">Contacto<\/a><\/p>\n<p><a href=\"#\">Mapa del Sitio<\/a><\/p>\n<p><span><\/span><\/p>\n<p>[\/et_pb_toggle][\/et_pb_column][\/et_pb_row][\/et_pb_section]<\/p>\n","protected":false},"excerpt":{"rendered":"<p>Mapa del Sitio Si te has perdido en nuestra p\u00e1gina web, no te preocupes. Aqu\u00ed tienes el mapa del sitio.InicioTiendaComida Preparado T\u00e9s y Caf\u00e9s Mermeladas y Dulces L\u00e1cteos Carnes Pastas Legumbres &nbsp;Bebidas Alcoh\u00f3licas Bebidas No Alcoh\u00f3licasOtros EnlacesP\u00e1gina Inicial de Nuestro BlogP\u00e1gina de ContactoMi CuentaCompra Segura Env\u00edos y Devoluciones Preguntas Frecuentes P\u00f3litica de Privacidad T\u00e9rminos de [&hellip;]<\/p>\n","protected":false},"author":1,"featured_media":0,"parent":100113,"menu_order":0,"comment_status":"closed","ping_status":"closed","template":"","meta":{"_et_pb_use_builder":"on","_et_pb_old_content":"","_et_gb_content_width":"","footnotes":""},"class_list":["post-101015","page","type-page","status-publish","hentry"],"_links":{"self":[{"href":"https:\/\/elturco.es\/tr\/wp-json\/wp\/v2\/pages\/101015","targetHints":{"allow":["GET"]}}],"collection":[{"href":"https:\/\/elturco.es\/tr\/wp-json\/wp\/v2\/pages"}],"about":[{"href":"https:\/\/elturco.es\/tr\/wp-json\/wp\/v2\/types\/page"}],"author":[{"embeddable":true,"href":"https:\/\/elturco.es\/tr\/wp-json\/wp\/v2\/users\/1"}],"replies":[{"embeddable":true,"href":"https:\/\/elturco.es\/tr\/wp-json\/wp\/v2\/comments?post=101015"}],"version-history":[{"count":3,"href":"https:\/\/elturco.es\/tr\/wp-json\/wp\/v2\/pages\/101015\/revisions"}],"predecessor-version":[{"id":101022,"href":"https:\/\/elturco.es\/tr\/wp-json\/wp\/v2\/pages\/101015\/revisions\/101022"}],"up":[{"embeddable":true,"href":"https:\/\/elturco.es\/tr\/wp-json\/wp\/v2\/pages\/100113"}],"wp:attachment":[{"href":"https:\/\/elturco.es\/tr\/wp-json\/wp\/v2\/media?parent=101015"}],"curies":[{"name":"wp","href":"https:\/\/api.w.org\/{rel}","templated":true}]}}