{"id":100136,"date":"2024-06-07T18:06:44","date_gmt":"2024-06-07T18:06:44","guid":{"rendered":"https:\/\/miconfesion.es\/?page_id=100136"},"modified":"2024-06-07T18:06:46","modified_gmt":"2024-06-07T18:06:46","slug":"compra-segura","status":"publish","type":"page","link":"https:\/\/elturco.es\/tr\/tienda-documentos\/compra-segura\/","title":{"rendered":"Compra Segura"},"content":{"rendered":"<p><strong><a href=\"http:\/\/elturco.es\/tr\/\">elturco.es<\/a><\/strong> utiliza 4 sistemas de pago:<\/p>\n\n\n\n<h2 class=\"wp-block-heading\">1. Sistema de Pago PayPal para pagos con tarjeta de cr\u00e9dito o d\u00e9bito.<\/h2>\n\n\n\n<p>El sistema funciona as\u00ed:<\/p>\n\n\n\n<p>&#8211; Cuando termine el proceso de pedido y pinche el boton &#8220;Confirmar Pedido&#8221;, <strong><a href=\"http:\/\/elturco.es\/tr\/\">elturco.es<\/a><\/strong> enviar\u00e1 la cantidad de la compra a <strong>PayPal<\/strong> para su cobro.<\/p>\n\n\n\n<p>&#8211; La \u00fanica informaci\u00f3n de la que dispondr\u00e1 <strong>PayPal<\/strong> sobre usted y su compra ser\u00e1 el importe de la misma.<\/p>\n\n\n\n<p>&#8211; Si as\u00ed lo desea, puede crear una cuenta en la p\u00e1gina web de <strong>PayPal<\/strong> y utilizarla para las compras en <strong><a href=\"http:\/\/elturco.es\/tr\/\">elturco.es<\/a><\/strong>. Si no desea utilizar esta opci\u00f3n, puede realizar directamente las compras con su tarjeta de cr\u00e9dito o d\u00e9bito sin necesidad de crear una cuenta.<\/p>\n\n\n\n<figure class=\"wp-block-image size-large\"><img loading=\"lazy\" decoding=\"async\" width=\"682\" height=\"1024\" src=\"https:\/\/elturco.es\/wp-content\/uploads\/2024\/06\/paypal_payment_page_credit_cart-682x1024.png\" alt=\"\" class=\"wp-image-100137\"\/><\/figure>\n\n\n\n<p>&#8211; En esta p\u00e1gina web, la compra es segura, lo cual se puede comprobar pinchado el logo<\/p>\n\n\n\n<figure class=\"wp-block-image size-full\"><img loading=\"lazy\" decoding=\"async\" width=\"66\" height=\"27\" src=\"https:\/\/elturco.es\/wp-content\/uploads\/2024\/06\/logo_VIPwhite_66x27.gif\" alt=\"\" class=\"wp-image-100138\" srcset=\"https:\/\/elturco.es\/wp-content\/uploads\/2024\/06\/logo_VIPwhite_66x27.gif 66w, https:\/\/elturco.es\/wp-content\/uploads\/2024\/06\/logo_VIPwhite_66x27-64x26.gif 64w\" sizes=\"auto, (max-width: 66px) 100vw, 66px\" \/><\/figure>\n\n\n\n<p>&#8211;\u00a0<strong><a href=\"http:\/\/elturco.es\/tr\/\">elturco.es\u00a0<\/a><\/strong>desconoce sus datos bancarios ya que los deriva al sistema PayPal, el cual es totalmente independiente de\u00a0<strong><a href=\"http:\/\/elturco.es\/tr\/\">elturco.es<\/a><\/strong>\u00a0en la fase de cobro. As\u00ed,\u00a0<strong><a href=\"http:\/\/elturco.es\/tr\/\">elturco.es<\/a><\/strong>\u00a0garantiza la seguridad de sus clientes separando los datos de compra y los datos de cobro.<\/p>\n\n\n\n<p>La p\u00e1gina web de <strong>PayPal <\/strong>acepta las tarjetas de cr\u00e9dito o d\u00e9bito siguientes:<\/p>\n\n\n\n<p>&#8211; Visa&nbsp;<\/p>\n\n\n\n<p>&#8211; Visa Electron<\/p>\n\n\n\n<p>&#8211; MasterCard&nbsp;<\/p>\n\n\n\n<p>&#8211; American Express<\/p>\n\n\n\n<figure class=\"wp-block-image size-full\"><img loading=\"lazy\" decoding=\"async\" width=\"289\" height=\"121\" src=\"https:\/\/elturco.es\/wp-content\/uploads\/2024\/06\/paypal_payment.png\" alt=\"\" class=\"wp-image-100139\" srcset=\"https:\/\/elturco.es\/wp-content\/uploads\/2024\/06\/paypal_payment.png 289w, https:\/\/elturco.es\/wp-content\/uploads\/2024\/06\/paypal_payment-64x27.png 64w\" sizes=\"auto, (max-width: 289px) 100vw, 289px\" \/><\/figure>\n\n\n\n<h2 class=\"wp-block-heading\">2. Transferencia Bancaria<\/h2>\n\n\n\n<p>Ud. cuando termina su compra, el sistema le mandar\u00e1 un mensaje de confirmaci\u00f3n sobre la recepci\u00f3n del pedido. Ud. tendr\u00e1 que abonar la cantidad indicada en el pedido realizando una transferencia bancaria a la cuenta indicada durante el proceso. Cuando tengamos la confirmaci\u00f3n del pago, procederemos al env\u00edo de su pedido.<\/p>\n\n\n\n<p><\/p>\n\n\n\n<h2 class=\"wp-block-heading\">3. Contra Reembolso<\/h2>\n\n\n\n<p>Ud. cuando termina su compra, el sistema le mandar\u00e1 un mensaje de confirmaci\u00f3n sobre la recepci\u00f3n del pedido. Nosotros procederemos al env\u00edo de su pedido y Ud. tendr\u00e1 que abonar la cantidad indicada en el pedido al mensajero en el momento de entrega de su pedido.<\/p>\n\n\n\n<h2 class=\"wp-block-heading\">4. Bizum<\/h2>\n\n\n\n<p>Ud. cuando termina su compra, el sistema le mandar\u00e1 un mensaje de confirmaci\u00f3n sobre la recepci\u00f3n del pedido. Ud. tendr\u00e1 que abonar la cantidad indicada en el pedido realizando una transferencia por el sistema de Bizum utilizando el n\u00famero de tel\u00e9fono indicado durante el proceso. Cuando tengamos la confirmaci\u00f3n del pago, procederemos al env\u00edo de su pedido.<\/p>\n\n\n\n<p><\/p>","protected":false},"excerpt":{"rendered":"<p>elturco.es utiliza 4 sistemas de pago: 1. Sistema de Pago PayPal para pagos con tarjeta de cr\u00e9dito o d\u00e9bito. El sistema funciona as\u00ed: &#8211; Cuando termine el proceso de pedido y pinche el boton &#8220;Confirmar Pedido&#8221;, elturco.es enviar\u00e1 la cantidad de la compra a PayPal para su cobro. &#8211; La \u00fanica informaci\u00f3n de la que [&hellip;]<\/p>\n","protected":false},"author":1,"featured_media":0,"parent":100113,"menu_order":0,"comment_status":"closed","ping_status":"closed","template":"","meta":{"_et_pb_use_builder":"","_et_pb_old_content":"","_et_gb_content_width":"","footnotes":""},"class_list":["post-100136","page","type-page","status-publish","hentry"],"_links":{"self":[{"href":"https:\/\/elturco.es\/tr\/wp-json\/wp\/v2\/pages\/100136","targetHints":{"allow":["GET"]}}],"collection":[{"href":"https:\/\/elturco.es\/tr\/wp-json\/wp\/v2\/pages"}],"about":[{"href":"https:\/\/elturco.es\/tr\/wp-json\/wp\/v2\/types\/page"}],"author":[{"embeddable":true,"href":"https:\/\/elturco.es\/tr\/wp-json\/wp\/v2\/users\/1"}],"replies":[{"embeddable":true,"href":"https:\/\/elturco.es\/tr\/wp-json\/wp\/v2\/comments?post=100136"}],"version-history":[{"count":1,"href":"https:\/\/elturco.es\/tr\/wp-json\/wp\/v2\/pages\/100136\/revisions"}],"predecessor-version":[{"id":100140,"href":"https:\/\/elturco.es\/tr\/wp-json\/wp\/v2\/pages\/100136\/revisions\/100140"}],"up":[{"embeddable":true,"href":"https:\/\/elturco.es\/tr\/wp-json\/wp\/v2\/pages\/100113"}],"wp:attachment":[{"href":"https:\/\/elturco.es\/tr\/wp-json\/wp\/v2\/media?parent=100136"}],"curies":[{"name":"wp","href":"https:\/\/api.w.org\/{rel}","templated":true}]}}